{"id":10,"date":"2016-06-05T17:22:53","date_gmt":"2016-06-05T17:22:53","guid":{"rendered":"http:\/\/localhost\/www\/Zylothemes\/TwentyMinutes\/?page_id=10"},"modified":"2025-04-17T16:26:26","modified_gmt":"2025-04-17T16:26:26","slug":"about-us","status":"publish","type":"page","link":"https:\/\/teosecurity.com\/teo\/?page_id=10","title":{"rendered":"Nosotros"},"content":{"rendered":"<p>Nuestra empresa TEO Security Group brinda el m\u00e1s alto nivel de Servicios de Seguridad y vigilancia diversas \u00e1reas desde el a\u00f1o 2019 de manera Integral, debido a que usamos un sistema estrat\u00e9gico y visionario.<\/p>\n<p>Nuestro personal es seleccionado minuciosamente para cumplir \u00a0roles tan importantes cumpliendo con todos los requisitos que la ley exige.<\/p>\n<p>Nuestro personal es\u00a0 capacitado para cumplir funciones especiales dependiendo las necesidades de cada entidad\u00a0 comercial y su entorno<\/p>\n<p>&nbsp;<\/p>\n<p>&nbsp;<\/p>\n","protected":false},"excerpt":{"rendered":"<p>Nuestra empresa TEO Security Group brinda el m\u00e1s alto nivel de Servicios de Seguridad y vigilancia diversas \u00e1reas desde el a\u00f1o 2019 de manera Integral, debido a que usamos un sistema estrat\u00e9gico y visionario. Nuestro personal es seleccionado minuciosamente para cumplir \u00a0roles tan importantes cumpliendo con todos los requisitos que la ley exige. Nuestro personal es\u00a0 capacitado para cumplir funciones especiales dependiendo las necesidades de cada entidad\u00a0 comercial y su entorno &nbsp; &nbsp;<\/p>\n","protected":false},"author":1,"featured_media":0,"parent":0,"menu_order":0,"comment_status":"closed","ping_status":"closed","template":"template-no-sidebar.php","meta":{"footnotes":""},"class_list":["post-10","page","type-page","status-publish","hentry"],"yoast_head":"<!-- This site is optimized with the Yoast SEO plugin v24.9 - https:\/\/yoast.com\/wordpress\/plugins\/seo\/ -->\n<title>Nosotros - Somos TEO<\/title>\n<meta name=\"robots\" content=\"index, follow, max-snippet:-1, max-image-preview:large, max-video-preview:-1\" \/>\n<link rel=\"canonical\" href=\"https:\/\/teosecurity.com\/teo\/?page_id=10\" \/>\n<meta property=\"og:locale\" content=\"es_ES\" \/>\n<meta property=\"og:type\" content=\"article\" \/>\n<meta property=\"og:title\" content=\"Nosotros - Somos TEO\" \/>\n<meta property=\"og:description\" content=\"Nuestra empresa TEO Security Group brinda el m\u00e1s alto nivel de Servicios de Seguridad y vigilancia diversas \u00e1reas desde el a\u00f1o 2019 de manera Integral, debido a que usamos un sistema estrat\u00e9gico y visionario. Nuestro personal es seleccionado minuciosamente para cumplir \u00a0roles tan importantes cumpliendo con todos los requisitos que la ley exige. Nuestro personal es\u00a0 capacitado para cumplir funciones especiales dependiendo las necesidades de cada entidad\u00a0 comercial y su entorno &nbsp; &nbsp;\" \/>\n<meta property=\"og:url\" content=\"https:\/\/teosecurity.com\/teo\/?page_id=10\" \/>\n<meta property=\"og:site_name\" content=\"Somos TEO\" \/>\n<meta property=\"article:modified_time\" content=\"2025-04-17T16:26:26+00:00\" \/>\n<meta name=\"twitter:card\" content=\"summary_large_image\" \/>\n<meta name=\"twitter:label1\" content=\"Tiempo de lectura\" \/>\n\t<meta name=\"twitter:data1\" content=\"1 minuto\" \/>\n<script type=\"application\/ld+json\" class=\"yoast-schema-graph\">{\"@context\":\"https:\/\/schema.org\",\"@graph\":[{\"@type\":\"WebPage\",\"@id\":\"https:\/\/teosecurity.com\/teo\/?page_id=10\",\"url\":\"https:\/\/teosecurity.com\/teo\/?page_id=10\",\"name\":\"Nosotros - Somos TEO\",\"isPartOf\":{\"@id\":\"https:\/\/teosecurity.com\/teo\/#website\"},\"datePublished\":\"2016-06-05T17:22:53+00:00\",\"dateModified\":\"2025-04-17T16:26:26+00:00\",\"breadcrumb\":{\"@id\":\"https:\/\/teosecurity.com\/teo\/?page_id=10#breadcrumb\"},\"inLanguage\":\"es\",\"potentialAction\":[{\"@type\":\"ReadAction\",\"target\":[\"https:\/\/teosecurity.com\/teo\/?page_id=10\"]}]},{\"@type\":\"BreadcrumbList\",\"@id\":\"https:\/\/teosecurity.com\/teo\/?page_id=10#breadcrumb\",\"itemListElement\":[{\"@type\":\"ListItem\",\"position\":1,\"name\":\"Portada\",\"item\":\"https:\/\/teosecurity.com\/teo\"},{\"@type\":\"ListItem\",\"position\":2,\"name\":\"Nosotros\"}]},{\"@type\":\"WebSite\",\"@id\":\"https:\/\/teosecurity.com\/teo\/#website\",\"url\":\"https:\/\/teosecurity.com\/teo\/\",\"name\":\"Somos TEO\",\"description\":\"Seguridad e investigacion Integral\",\"potentialAction\":[{\"@type\":\"SearchAction\",\"target\":{\"@type\":\"EntryPoint\",\"urlTemplate\":\"https:\/\/teosecurity.com\/teo\/?s={search_term_string}\"},\"query-input\":{\"@type\":\"PropertyValueSpecification\",\"valueRequired\":true,\"valueName\":\"search_term_string\"}}],\"inLanguage\":\"es\"}]}<\/script>\n<!-- \/ Yoast SEO plugin. -->","yoast_head_json":{"title":"Nosotros - Somos TEO","robots":{"index":"index","follow":"follow","max-snippet":"max-snippet:-1","max-image-preview":"max-image-preview:large","max-video-preview":"max-video-preview:-1"},"canonical":"https:\/\/teosecurity.com\/teo\/?page_id=10","og_locale":"es_ES","og_type":"article","og_title":"Nosotros - Somos TEO","og_description":"Nuestra empresa TEO Security Group brinda el m\u00e1s alto nivel de Servicios de Seguridad y vigilancia diversas \u00e1reas desde el a\u00f1o 2019 de manera Integral, debido a que usamos un sistema estrat\u00e9gico y visionario. Nuestro personal es seleccionado minuciosamente para cumplir \u00a0roles tan importantes cumpliendo con todos los requisitos que la ley exige. Nuestro personal es\u00a0 capacitado para cumplir funciones especiales dependiendo las necesidades de cada entidad\u00a0 comercial y su entorno &nbsp; &nbsp;","og_url":"https:\/\/teosecurity.com\/teo\/?page_id=10","og_site_name":"Somos TEO","article_modified_time":"2025-04-17T16:26:26+00:00","twitter_card":"summary_large_image","twitter_misc":{"Tiempo de lectura":"1 minuto"},"schema":{"@context":"https:\/\/schema.org","@graph":[{"@type":"WebPage","@id":"https:\/\/teosecurity.com\/teo\/?page_id=10","url":"https:\/\/teosecurity.com\/teo\/?page_id=10","name":"Nosotros - Somos TEO","isPartOf":{"@id":"https:\/\/teosecurity.com\/teo\/#website"},"datePublished":"2016-06-05T17:22:53+00:00","dateModified":"2025-04-17T16:26:26+00:00","breadcrumb":{"@id":"https:\/\/teosecurity.com\/teo\/?page_id=10#breadcrumb"},"inLanguage":"es","potentialAction":[{"@type":"ReadAction","target":["https:\/\/teosecurity.com\/teo\/?page_id=10"]}]},{"@type":"BreadcrumbList","@id":"https:\/\/teosecurity.com\/teo\/?page_id=10#breadcrumb","itemListElement":[{"@type":"ListItem","position":1,"name":"Portada","item":"https:\/\/teosecurity.com\/teo"},{"@type":"ListItem","position":2,"name":"Nosotros"}]},{"@type":"WebSite","@id":"https:\/\/teosecurity.com\/teo\/#website","url":"https:\/\/teosecurity.com\/teo\/","name":"Somos TEO","description":"Seguridad e investigacion Integral","potentialAction":[{"@type":"SearchAction","target":{"@type":"EntryPoint","urlTemplate":"https:\/\/teosecurity.com\/teo\/?s={search_term_string}"},"query-input":{"@type":"PropertyValueSpecification","valueRequired":true,"valueName":"search_term_string"}}],"inLanguage":"es"}]}},"_links":{"self":[{"href":"https:\/\/teosecurity.com\/teo\/index.php?rest_route=\/wp\/v2\/pages\/10","targetHints":{"allow":["GET"]}}],"collection":[{"href":"https:\/\/teosecurity.com\/teo\/index.php?rest_route=\/wp\/v2\/pages"}],"about":[{"href":"https:\/\/teosecurity.com\/teo\/index.php?rest_route=\/wp\/v2\/types\/page"}],"author":[{"embeddable":true,"href":"https:\/\/teosecurity.com\/teo\/index.php?rest_route=\/wp\/v2\/users\/1"}],"replies":[{"embeddable":true,"href":"https:\/\/teosecurity.com\/teo\/index.php?rest_route=%2Fwp%2Fv2%2Fcomments&post=10"}],"version-history":[{"count":4,"href":"https:\/\/teosecurity.com\/teo\/index.php?rest_route=\/wp\/v2\/pages\/10\/revisions"}],"predecessor-version":[{"id":474,"href":"https:\/\/teosecurity.com\/teo\/index.php?rest_route=\/wp\/v2\/pages\/10\/revisions\/474"}],"wp:attachment":[{"href":"https:\/\/teosecurity.com\/teo\/index.php?rest_route=%2Fwp%2Fv2%2Fmedia&parent=10"}],"curies":[{"name":"wp","href":"https:\/\/api.w.org\/{rel}","templated":true}]}}