{"id":14,"date":"2016-06-05T17:23:13","date_gmt":"2016-06-05T17:23:13","guid":{"rendered":"http:\/\/localhost\/www\/Zylothemes\/TwentyMinutes\/?page_id=14"},"modified":"2025-04-17T15:47:22","modified_gmt":"2025-04-17T15:47:22","slug":"blog","status":"publish","type":"page","link":"https:\/\/teosecurity.com\/teo\/?page_id=14","title":{"rendered":"Custodios Flotillas"},"content":{"rendered":"\n<p>Nuestra empresa TEO Security Group brinda el m\u00e1s alto nivel de Servicios de Seguridad y vigilancia en el \u00e1rea de <strong><u>escoltas y custodias<\/u><\/strong> &nbsp;&nbsp;de manera Integral, debida a que usamos un sistema estrat\u00e9gico y visionario.<\/p>\n\n\n\n<p>Nuestro personal es seleccionado minuciosamente para cumplir este rol tan importante cumpliendo con todos los requisitos que la ley exige.<\/p>\n\n\n\n<p>Nuestro personal es&nbsp; capacitado para cumplir funciones especiales dependiendo las necesidades de cada entidad&nbsp; comercial y su entorno<\/p>\n\n\n\n<p>Nuestro servicio de custodia de camiones y contenedores viene como plus de rastreo tecnol\u00f3gico del cami\u00f3n consulte para m\u00e1s detalles.<\/p>\n\n\n\n<p>Nuestros oficiales son especialmente seleccionados para este puesto porque sabemos lo importante que es.<\/p>\n\n\n\n<p>Contamos con c\u00e1maras policiales y monitoreo en tiempo real para que el momento que suceda alg\u00fan incidente enviar nuestros refuerzos inmediatamente para m\u00e1s seguridad y apoyo<\/p>\n\n\n\n<p>Puede optar bajo la modalidad custodia acompa\u00f1ante o custodio en motocicleta.<\/p>\n\n\n\n<p>Nuestros servicios cubren todo Costa Rica no dude en contactarnos para su cotizaci\u00f3n<\/p>\n\n\n\n<p><a href=\"mailto:info@teosecurity.com\">info@teosecurity.com<\/a><\/p>\n\n\n\n<figure class=\"wp-block-image size-full\"><img loading=\"lazy\" decoding=\"async\" width=\"750\" height=\"319\" src=\"https:\/\/teosecurity.com\/teo\/wp-content\/uploads\/2025\/04\/custodio1.jpg\" alt=\"\" class=\"wp-image-451\" srcset=\"https:\/\/teosecurity.com\/teo\/wp-content\/uploads\/2025\/04\/custodio1.jpg 750w, https:\/\/teosecurity.com\/teo\/wp-content\/uploads\/2025\/04\/custodio1-300x128.jpg 300w\" sizes=\"auto, (max-width: 750px) 100vw, 750px\" \/><\/figure>\n\n\n\n<p><\/p>\n","protected":false},"excerpt":{"rendered":"<p>Nuestra empresa TEO Security Group brinda el m\u00e1s alto nivel de Servicios de Seguridad y vigilancia en el \u00e1rea de escoltas y custodias &nbsp;&nbsp;de manera Integral, debida a que usamos un sistema estrat\u00e9gico y visionario. Nuestro personal es seleccionado minuciosamente para cumplir este rol tan importante cumpliendo con todos los requisitos que la ley exige. Nuestro personal es&nbsp; capacitado para cumplir funciones especiales dependiendo las necesidades de cada entidad&nbsp; comercial y su entorno Nuestro servicio de custodia de camiones y contenedores viene como plus de rastreo tecnol\u00f3gico del cami\u00f3n consulte para m\u00e1s detalles. Nuestros oficiales son especialmente seleccionados para este&#8230; <\/p>\n","protected":false},"author":1,"featured_media":0,"parent":0,"menu_order":0,"comment_status":"closed","ping_status":"closed","template":"template-no-sidebar.php","meta":{"footnotes":""},"class_list":["post-14","page","type-page","status-publish","hentry"],"yoast_head":"<!-- This site is optimized with the Yoast SEO plugin v24.9 - https:\/\/yoast.com\/wordpress\/plugins\/seo\/ -->\n<title>Custodios Flotillas - Somos TEO<\/title>\n<meta name=\"robots\" content=\"index, follow, max-snippet:-1, max-image-preview:large, max-video-preview:-1\" \/>\n<link rel=\"canonical\" href=\"https:\/\/teosecurity.com\/teo\/?page_id=14\" \/>\n<meta property=\"og:locale\" content=\"es_ES\" \/>\n<meta property=\"og:type\" content=\"article\" \/>\n<meta property=\"og:title\" content=\"Custodios Flotillas - Somos TEO\" \/>\n<meta property=\"og:description\" content=\"Nuestra empresa TEO Security Group brinda el m\u00e1s alto nivel de Servicios de Seguridad y vigilancia en el \u00e1rea de escoltas y custodias &nbsp;&nbsp;de manera Integral, debida a que usamos un sistema estrat\u00e9gico y visionario. Nuestro personal es seleccionado minuciosamente para cumplir este rol tan importante cumpliendo con todos los requisitos que la ley exige. Nuestro personal es&nbsp; capacitado para cumplir funciones especiales dependiendo las necesidades de cada entidad&nbsp; comercial y su entorno Nuestro servicio de custodia de camiones y contenedores viene como plus de rastreo tecnol\u00f3gico del cami\u00f3n consulte para m\u00e1s detalles. Nuestros oficiales son especialmente seleccionados para este...\" \/>\n<meta property=\"og:url\" content=\"https:\/\/teosecurity.com\/teo\/?page_id=14\" \/>\n<meta property=\"og:site_name\" content=\"Somos TEO\" \/>\n<meta property=\"article:modified_time\" content=\"2025-04-17T15:47:22+00:00\" \/>\n<meta property=\"og:image\" content=\"https:\/\/teosecurity.com\/teo\/wp-content\/uploads\/2025\/04\/custodio1.jpg\" \/>\n\t<meta property=\"og:image:width\" content=\"750\" \/>\n\t<meta property=\"og:image:height\" content=\"319\" \/>\n\t<meta property=\"og:image:type\" content=\"image\/jpeg\" \/>\n<meta name=\"twitter:card\" content=\"summary_large_image\" \/>\n<meta name=\"twitter:label1\" content=\"Tiempo de lectura\" \/>\n\t<meta name=\"twitter:data1\" content=\"1 minuto\" \/>\n<script type=\"application\/ld+json\" class=\"yoast-schema-graph\">{\"@context\":\"https:\/\/schema.org\",\"@graph\":[{\"@type\":\"WebPage\",\"@id\":\"https:\/\/teosecurity.com\/teo\/?page_id=14\",\"url\":\"https:\/\/teosecurity.com\/teo\/?page_id=14\",\"name\":\"Custodios Flotillas - Somos TEO\",\"isPartOf\":{\"@id\":\"https:\/\/teosecurity.com\/teo\/#website\"},\"primaryImageOfPage\":{\"@id\":\"https:\/\/teosecurity.com\/teo\/?page_id=14#primaryimage\"},\"image\":{\"@id\":\"https:\/\/teosecurity.com\/teo\/?page_id=14#primaryimage\"},\"thumbnailUrl\":\"https:\/\/teosecurity.com\/teo\/wp-content\/uploads\/2025\/04\/custodio1.jpg\",\"datePublished\":\"2016-06-05T17:23:13+00:00\",\"dateModified\":\"2025-04-17T15:47:22+00:00\",\"breadcrumb\":{\"@id\":\"https:\/\/teosecurity.com\/teo\/?page_id=14#breadcrumb\"},\"inLanguage\":\"es\",\"potentialAction\":[{\"@type\":\"ReadAction\",\"target\":[\"https:\/\/teosecurity.com\/teo\/?page_id=14\"]}]},{\"@type\":\"ImageObject\",\"inLanguage\":\"es\",\"@id\":\"https:\/\/teosecurity.com\/teo\/?page_id=14#primaryimage\",\"url\":\"https:\/\/teosecurity.com\/teo\/wp-content\/uploads\/2025\/04\/custodio1.jpg\",\"contentUrl\":\"https:\/\/teosecurity.com\/teo\/wp-content\/uploads\/2025\/04\/custodio1.jpg\",\"width\":750,\"height\":319},{\"@type\":\"BreadcrumbList\",\"@id\":\"https:\/\/teosecurity.com\/teo\/?page_id=14#breadcrumb\",\"itemListElement\":[{\"@type\":\"ListItem\",\"position\":1,\"name\":\"Portada\",\"item\":\"https:\/\/teosecurity.com\/teo\"},{\"@type\":\"ListItem\",\"position\":2,\"name\":\"Custodios Flotillas\"}]},{\"@type\":\"WebSite\",\"@id\":\"https:\/\/teosecurity.com\/teo\/#website\",\"url\":\"https:\/\/teosecurity.com\/teo\/\",\"name\":\"Somos TEO\",\"description\":\"Seguridad e investigacion Integral\",\"potentialAction\":[{\"@type\":\"SearchAction\",\"target\":{\"@type\":\"EntryPoint\",\"urlTemplate\":\"https:\/\/teosecurity.com\/teo\/?s={search_term_string}\"},\"query-input\":{\"@type\":\"PropertyValueSpecification\",\"valueRequired\":true,\"valueName\":\"search_term_string\"}}],\"inLanguage\":\"es\"}]}<\/script>\n<!-- \/ Yoast SEO plugin. -->","yoast_head_json":{"title":"Custodios Flotillas - Somos TEO","robots":{"index":"index","follow":"follow","max-snippet":"max-snippet:-1","max-image-preview":"max-image-preview:large","max-video-preview":"max-video-preview:-1"},"canonical":"https:\/\/teosecurity.com\/teo\/?page_id=14","og_locale":"es_ES","og_type":"article","og_title":"Custodios Flotillas - Somos TEO","og_description":"Nuestra empresa TEO Security Group brinda el m\u00e1s alto nivel de Servicios de Seguridad y vigilancia en el \u00e1rea de escoltas y custodias &nbsp;&nbsp;de manera Integral, debida a que usamos un sistema estrat\u00e9gico y visionario. Nuestro personal es seleccionado minuciosamente para cumplir este rol tan importante cumpliendo con todos los requisitos que la ley exige. Nuestro personal es&nbsp; capacitado para cumplir funciones especiales dependiendo las necesidades de cada entidad&nbsp; comercial y su entorno Nuestro servicio de custodia de camiones y contenedores viene como plus de rastreo tecnol\u00f3gico del cami\u00f3n consulte para m\u00e1s detalles. Nuestros oficiales son especialmente seleccionados para este...","og_url":"https:\/\/teosecurity.com\/teo\/?page_id=14","og_site_name":"Somos TEO","article_modified_time":"2025-04-17T15:47:22+00:00","og_image":[{"width":750,"height":319,"url":"https:\/\/teosecurity.com\/teo\/wp-content\/uploads\/2025\/04\/custodio1.jpg","type":"image\/jpeg"}],"twitter_card":"summary_large_image","twitter_misc":{"Tiempo de lectura":"1 minuto"},"schema":{"@context":"https:\/\/schema.org","@graph":[{"@type":"WebPage","@id":"https:\/\/teosecurity.com\/teo\/?page_id=14","url":"https:\/\/teosecurity.com\/teo\/?page_id=14","name":"Custodios Flotillas - Somos TEO","isPartOf":{"@id":"https:\/\/teosecurity.com\/teo\/#website"},"primaryImageOfPage":{"@id":"https:\/\/teosecurity.com\/teo\/?page_id=14#primaryimage"},"image":{"@id":"https:\/\/teosecurity.com\/teo\/?page_id=14#primaryimage"},"thumbnailUrl":"https:\/\/teosecurity.com\/teo\/wp-content\/uploads\/2025\/04\/custodio1.jpg","datePublished":"2016-06-05T17:23:13+00:00","dateModified":"2025-04-17T15:47:22+00:00","breadcrumb":{"@id":"https:\/\/teosecurity.com\/teo\/?page_id=14#breadcrumb"},"inLanguage":"es","potentialAction":[{"@type":"ReadAction","target":["https:\/\/teosecurity.com\/teo\/?page_id=14"]}]},{"@type":"ImageObject","inLanguage":"es","@id":"https:\/\/teosecurity.com\/teo\/?page_id=14#primaryimage","url":"https:\/\/teosecurity.com\/teo\/wp-content\/uploads\/2025\/04\/custodio1.jpg","contentUrl":"https:\/\/teosecurity.com\/teo\/wp-content\/uploads\/2025\/04\/custodio1.jpg","width":750,"height":319},{"@type":"BreadcrumbList","@id":"https:\/\/teosecurity.com\/teo\/?page_id=14#breadcrumb","itemListElement":[{"@type":"ListItem","position":1,"name":"Portada","item":"https:\/\/teosecurity.com\/teo"},{"@type":"ListItem","position":2,"name":"Custodios Flotillas"}]},{"@type":"WebSite","@id":"https:\/\/teosecurity.com\/teo\/#website","url":"https:\/\/teosecurity.com\/teo\/","name":"Somos TEO","description":"Seguridad e investigacion Integral","potentialAction":[{"@type":"SearchAction","target":{"@type":"EntryPoint","urlTemplate":"https:\/\/teosecurity.com\/teo\/?s={search_term_string}"},"query-input":{"@type":"PropertyValueSpecification","valueRequired":true,"valueName":"search_term_string"}}],"inLanguage":"es"}]}},"_links":{"self":[{"href":"https:\/\/teosecurity.com\/teo\/index.php?rest_route=\/wp\/v2\/pages\/14","targetHints":{"allow":["GET"]}}],"collection":[{"href":"https:\/\/teosecurity.com\/teo\/index.php?rest_route=\/wp\/v2\/pages"}],"about":[{"href":"https:\/\/teosecurity.com\/teo\/index.php?rest_route=\/wp\/v2\/types\/page"}],"author":[{"embeddable":true,"href":"https:\/\/teosecurity.com\/teo\/index.php?rest_route=\/wp\/v2\/users\/1"}],"replies":[{"embeddable":true,"href":"https:\/\/teosecurity.com\/teo\/index.php?rest_route=%2Fwp%2Fv2%2Fcomments&post=14"}],"version-history":[{"count":4,"href":"https:\/\/teosecurity.com\/teo\/index.php?rest_route=\/wp\/v2\/pages\/14\/revisions"}],"predecessor-version":[{"id":453,"href":"https:\/\/teosecurity.com\/teo\/index.php?rest_route=\/wp\/v2\/pages\/14\/revisions\/453"}],"wp:attachment":[{"href":"https:\/\/teosecurity.com\/teo\/index.php?rest_route=%2Fwp%2Fv2%2Fmedia&parent=14"}],"curies":[{"name":"wp","href":"https:\/\/api.w.org\/{rel}","templated":true}]}}