{"id":67,"date":"2016-11-08T08:48:32","date_gmt":"2016-11-08T08:48:32","guid":{"rendered":"http:\/\/localhost\/www\/Zylothemes\/Easyway\/?page_id=67"},"modified":"2025-04-17T16:14:42","modified_gmt":"2025-04-17T16:14:42","slug":"blog-full-width","status":"publish","type":"page","link":"https:\/\/teosecurity.com\/teo\/?page_id=67","title":{"rendered":"Seguridad Fisica"},"content":{"rendered":"\n<p>A la hora de Abrir o retomar un puesto de seguridad nuestra empresa realiza un An\u00e1lisis FODA (Fortalezas, Oportunidades, Debilidades, Amenazas) en las \u00e1reas de: Seguridad F\u00edsica en el per\u00edmetro a resguardar. Un estudio de Seguridad Electr\u00f3nica para verificaci\u00f3n de equipo adecuado o faltante , etc . Un estudio operativo del personal esto para analizar cantidad de agentes requeridos y perfiles adecuados de los mismos ademas de la capacitaci\u00f3n necesaria para el puesto entre otros.<\/p>\n\n\n\n<p>-Seguridad preventiva.<br>-Seguridad estrat\u00e9gica<br>-Seguridad tecnol\u00f3gica<\/p>\n\n\n\n<figure class=\"wp-block-image size-large\"><img loading=\"lazy\" decoding=\"async\" width=\"768\" height=\"1024\" src=\"https:\/\/teosecurity.com\/teo\/wp-content\/uploads\/2025\/04\/puesto-768x1024.jpg\" alt=\"\" class=\"wp-image-462\"\/><\/figure>\n","protected":false},"excerpt":{"rendered":"<p>A la hora de Abrir o retomar un puesto de seguridad nuestra empresa realiza un An\u00e1lisis FODA (Fortalezas, Oportunidades, Debilidades, Amenazas) en las \u00e1reas de: Seguridad F\u00edsica en el per\u00edmetro a resguardar. Un estudio de Seguridad Electr\u00f3nica para verificaci\u00f3n de equipo adecuado o faltante , etc . Un estudio operativo del personal esto para analizar cantidad de agentes requeridos y perfiles adecuados de los mismos ademas de la capacitaci\u00f3n necesaria para el puesto entre otros. -Seguridad preventiva.-Seguridad estrat\u00e9gica-Seguridad tecnol\u00f3gica<\/p>\n","protected":false},"author":1,"featured_media":0,"parent":0,"menu_order":0,"comment_status":"closed","ping_status":"closed","template":"template-no-sidebar.php","meta":{"footnotes":""},"class_list":["post-67","page","type-page","status-publish","hentry"],"yoast_head":"<!-- This site is optimized with the Yoast SEO plugin v24.9 - https:\/\/yoast.com\/wordpress\/plugins\/seo\/ -->\n<title>Seguridad Fisica - Somos TEO<\/title>\n<meta name=\"robots\" content=\"index, follow, max-snippet:-1, max-image-preview:large, max-video-preview:-1\" \/>\n<link rel=\"canonical\" href=\"https:\/\/teosecurity.com\/teo\/?page_id=67\" \/>\n<meta property=\"og:locale\" content=\"es_ES\" \/>\n<meta property=\"og:type\" content=\"article\" \/>\n<meta property=\"og:title\" content=\"Seguridad Fisica - Somos TEO\" \/>\n<meta property=\"og:description\" content=\"A la hora de Abrir o retomar un puesto de seguridad nuestra empresa realiza un An\u00e1lisis FODA (Fortalezas, Oportunidades, Debilidades, Amenazas) en las \u00e1reas de: Seguridad F\u00edsica en el per\u00edmetro a resguardar. Un estudio de Seguridad Electr\u00f3nica para verificaci\u00f3n de equipo adecuado o faltante , etc . Un estudio operativo del personal esto para analizar cantidad de agentes requeridos y perfiles adecuados de los mismos ademas de la capacitaci\u00f3n necesaria para el puesto entre otros. -Seguridad preventiva.-Seguridad estrat\u00e9gica-Seguridad tecnol\u00f3gica\" \/>\n<meta property=\"og:url\" content=\"https:\/\/teosecurity.com\/teo\/?page_id=67\" \/>\n<meta property=\"og:site_name\" content=\"Somos TEO\" \/>\n<meta property=\"article:modified_time\" content=\"2025-04-17T16:14:42+00:00\" \/>\n<meta property=\"og:image\" content=\"https:\/\/teosecurity.com\/teo\/wp-content\/uploads\/2025\/04\/puesto-e1744906462518.jpg\" \/>\n\t<meta property=\"og:image:width\" content=\"500\" \/>\n\t<meta property=\"og:image:height\" content=\"667\" \/>\n\t<meta property=\"og:image:type\" content=\"image\/jpeg\" \/>\n<meta name=\"twitter:card\" content=\"summary_large_image\" \/>\n<meta name=\"twitter:label1\" content=\"Tiempo de lectura\" \/>\n\t<meta name=\"twitter:data1\" content=\"1 minuto\" \/>\n<script type=\"application\/ld+json\" class=\"yoast-schema-graph\">{\"@context\":\"https:\/\/schema.org\",\"@graph\":[{\"@type\":\"WebPage\",\"@id\":\"https:\/\/teosecurity.com\/teo\/?page_id=67\",\"url\":\"https:\/\/teosecurity.com\/teo\/?page_id=67\",\"name\":\"Seguridad Fisica - Somos TEO\",\"isPartOf\":{\"@id\":\"https:\/\/teosecurity.com\/teo\/#website\"},\"primaryImageOfPage\":{\"@id\":\"https:\/\/teosecurity.com\/teo\/?page_id=67#primaryimage\"},\"image\":{\"@id\":\"https:\/\/teosecurity.com\/teo\/?page_id=67#primaryimage\"},\"thumbnailUrl\":\"https:\/\/teosecurity.com\/teo\/wp-content\/uploads\/2025\/04\/puesto-768x1024.jpg\",\"datePublished\":\"2016-11-08T08:48:32+00:00\",\"dateModified\":\"2025-04-17T16:14:42+00:00\",\"breadcrumb\":{\"@id\":\"https:\/\/teosecurity.com\/teo\/?page_id=67#breadcrumb\"},\"inLanguage\":\"es\",\"potentialAction\":[{\"@type\":\"ReadAction\",\"target\":[\"https:\/\/teosecurity.com\/teo\/?page_id=67\"]}]},{\"@type\":\"ImageObject\",\"inLanguage\":\"es\",\"@id\":\"https:\/\/teosecurity.com\/teo\/?page_id=67#primaryimage\",\"url\":\"https:\/\/teosecurity.com\/teo\/wp-content\/uploads\/2025\/04\/puesto-e1744906462518.jpg\",\"contentUrl\":\"https:\/\/teosecurity.com\/teo\/wp-content\/uploads\/2025\/04\/puesto-e1744906462518.jpg\",\"width\":500,\"height\":667},{\"@type\":\"BreadcrumbList\",\"@id\":\"https:\/\/teosecurity.com\/teo\/?page_id=67#breadcrumb\",\"itemListElement\":[{\"@type\":\"ListItem\",\"position\":1,\"name\":\"Portada\",\"item\":\"https:\/\/teosecurity.com\/teo\"},{\"@type\":\"ListItem\",\"position\":2,\"name\":\"Seguridad Fisica\"}]},{\"@type\":\"WebSite\",\"@id\":\"https:\/\/teosecurity.com\/teo\/#website\",\"url\":\"https:\/\/teosecurity.com\/teo\/\",\"name\":\"Somos TEO\",\"description\":\"Seguridad e investigacion Integral\",\"potentialAction\":[{\"@type\":\"SearchAction\",\"target\":{\"@type\":\"EntryPoint\",\"urlTemplate\":\"https:\/\/teosecurity.com\/teo\/?s={search_term_string}\"},\"query-input\":{\"@type\":\"PropertyValueSpecification\",\"valueRequired\":true,\"valueName\":\"search_term_string\"}}],\"inLanguage\":\"es\"}]}<\/script>\n<!-- \/ Yoast SEO plugin. -->","yoast_head_json":{"title":"Seguridad Fisica - Somos TEO","robots":{"index":"index","follow":"follow","max-snippet":"max-snippet:-1","max-image-preview":"max-image-preview:large","max-video-preview":"max-video-preview:-1"},"canonical":"https:\/\/teosecurity.com\/teo\/?page_id=67","og_locale":"es_ES","og_type":"article","og_title":"Seguridad Fisica - Somos TEO","og_description":"A la hora de Abrir o retomar un puesto de seguridad nuestra empresa realiza un An\u00e1lisis FODA (Fortalezas, Oportunidades, Debilidades, Amenazas) en las \u00e1reas de: Seguridad F\u00edsica en el per\u00edmetro a resguardar. Un estudio de Seguridad Electr\u00f3nica para verificaci\u00f3n de equipo adecuado o faltante , etc . Un estudio operativo del personal esto para analizar cantidad de agentes requeridos y perfiles adecuados de los mismos ademas de la capacitaci\u00f3n necesaria para el puesto entre otros. -Seguridad preventiva.-Seguridad estrat\u00e9gica-Seguridad tecnol\u00f3gica","og_url":"https:\/\/teosecurity.com\/teo\/?page_id=67","og_site_name":"Somos TEO","article_modified_time":"2025-04-17T16:14:42+00:00","og_image":[{"width":500,"height":667,"url":"https:\/\/teosecurity.com\/teo\/wp-content\/uploads\/2025\/04\/puesto-e1744906462518.jpg","type":"image\/jpeg"}],"twitter_card":"summary_large_image","twitter_misc":{"Tiempo de lectura":"1 minuto"},"schema":{"@context":"https:\/\/schema.org","@graph":[{"@type":"WebPage","@id":"https:\/\/teosecurity.com\/teo\/?page_id=67","url":"https:\/\/teosecurity.com\/teo\/?page_id=67","name":"Seguridad Fisica - Somos TEO","isPartOf":{"@id":"https:\/\/teosecurity.com\/teo\/#website"},"primaryImageOfPage":{"@id":"https:\/\/teosecurity.com\/teo\/?page_id=67#primaryimage"},"image":{"@id":"https:\/\/teosecurity.com\/teo\/?page_id=67#primaryimage"},"thumbnailUrl":"https:\/\/teosecurity.com\/teo\/wp-content\/uploads\/2025\/04\/puesto-768x1024.jpg","datePublished":"2016-11-08T08:48:32+00:00","dateModified":"2025-04-17T16:14:42+00:00","breadcrumb":{"@id":"https:\/\/teosecurity.com\/teo\/?page_id=67#breadcrumb"},"inLanguage":"es","potentialAction":[{"@type":"ReadAction","target":["https:\/\/teosecurity.com\/teo\/?page_id=67"]}]},{"@type":"ImageObject","inLanguage":"es","@id":"https:\/\/teosecurity.com\/teo\/?page_id=67#primaryimage","url":"https:\/\/teosecurity.com\/teo\/wp-content\/uploads\/2025\/04\/puesto-e1744906462518.jpg","contentUrl":"https:\/\/teosecurity.com\/teo\/wp-content\/uploads\/2025\/04\/puesto-e1744906462518.jpg","width":500,"height":667},{"@type":"BreadcrumbList","@id":"https:\/\/teosecurity.com\/teo\/?page_id=67#breadcrumb","itemListElement":[{"@type":"ListItem","position":1,"name":"Portada","item":"https:\/\/teosecurity.com\/teo"},{"@type":"ListItem","position":2,"name":"Seguridad Fisica"}]},{"@type":"WebSite","@id":"https:\/\/teosecurity.com\/teo\/#website","url":"https:\/\/teosecurity.com\/teo\/","name":"Somos TEO","description":"Seguridad e investigacion Integral","potentialAction":[{"@type":"SearchAction","target":{"@type":"EntryPoint","urlTemplate":"https:\/\/teosecurity.com\/teo\/?s={search_term_string}"},"query-input":{"@type":"PropertyValueSpecification","valueRequired":true,"valueName":"search_term_string"}}],"inLanguage":"es"}]}},"_links":{"self":[{"href":"https:\/\/teosecurity.com\/teo\/index.php?rest_route=\/wp\/v2\/pages\/67","targetHints":{"allow":["GET"]}}],"collection":[{"href":"https:\/\/teosecurity.com\/teo\/index.php?rest_route=\/wp\/v2\/pages"}],"about":[{"href":"https:\/\/teosecurity.com\/teo\/index.php?rest_route=\/wp\/v2\/types\/page"}],"author":[{"embeddable":true,"href":"https:\/\/teosecurity.com\/teo\/index.php?rest_route=\/wp\/v2\/users\/1"}],"replies":[{"embeddable":true,"href":"https:\/\/teosecurity.com\/teo\/index.php?rest_route=%2Fwp%2Fv2%2Fcomments&post=67"}],"version-history":[{"count":3,"href":"https:\/\/teosecurity.com\/teo\/index.php?rest_route=\/wp\/v2\/pages\/67\/revisions"}],"predecessor-version":[{"id":464,"href":"https:\/\/teosecurity.com\/teo\/index.php?rest_route=\/wp\/v2\/pages\/67\/revisions\/464"}],"wp:attachment":[{"href":"https:\/\/teosecurity.com\/teo\/index.php?rest_route=%2Fwp%2Fv2%2Fmedia&parent=67"}],"curies":[{"name":"wp","href":"https:\/\/api.w.org\/{rel}","templated":true}]}}